{"id":9133,"date":"2022-05-13T13:37:17","date_gmt":"2022-05-13T11:37:17","guid":{"rendered":"https:\/\/adopcianadialku.sk\/childrensdonation\/?page_id=9133"},"modified":"2025-08-08T14:39:00","modified_gmt":"2025-08-08T12:39:00","slug":"cuba","status":"publish","type":"page","link":"https:\/\/adopcianadialku.sk\/childrensdonation\/cuba\/","title":{"rendered":"Cuba"},"content":{"rendered":"\n<div style=\"height:50px\" aria-hidden=\"true\" class=\"wp-block-spacer\"><\/div>\n\n\n\n<p class=\"has-white-color has-text-color has-background\" style=\"background-color:#469a64\"><strong>Our efforts to help children in Cuba are complicated, for example, by difficult access to the Internet or by any technical conveniences that are common in Slovakia as a computer or printer. Therefore, this process does not have to run smoothly and without delays. In practice, this may mean that photos of children may be of poorer quality or reports about children may not be complete. For this reason, we recommend adoption in Cuba mainly to patient donors. Thank you in advance for your understanding and your favor.<\/strong><\/p>\n\n\n<h5><span style=\"color: #469a64;\"><strong>Why is the help in Cuba meaningful<\/strong><\/span><\/h5>\n\n\n<div style=\"height:40px\" aria-hidden=\"true\" class=\"wp-block-spacer\"><\/div>\n\n\n\n<div class=\"wp-block-columns\">\n<div class=\"wp-block-column\">\n<div class=\"wp-block-image\"><figure class=\"aligncenter size-full is-resized\"><img loading=\"lazy\" src=\"https:\/\/adopcianadialku.sk\/childrensdonation\/wp-content\/uploads\/2022\/05\/KUB_Inflacia-1.png\" alt=\"\" class=\"wp-image-9146\" width=\"100\" height=\"100\" srcset=\"https:\/\/adopcianadialku.sk\/childrensdonation\/wp-content\/uploads\/2022\/05\/KUB_Inflacia-1.png 500w, https:\/\/adopcianadialku.sk\/childrensdonation\/wp-content\/uploads\/2022\/05\/KUB_Inflacia-1-400x400.png 400w, https:\/\/adopcianadialku.sk\/childrensdonation\/wp-content\/uploads\/2022\/05\/KUB_Inflacia-1-150x150.png 150w\" sizes=\"(max-width: 100px) 100vw, 100px\" \/><\/figure><\/div>\n\n\n\n<p class=\"has-text-align-center\"><strong>In 2021 inflation rate reached 70%<\/strong><\/p>\n<\/div>\n\n\n\n<div class=\"wp-block-column\">\n<div class=\"wp-block-image\"><figure class=\"aligncenter size-full is-resized\"><img loading=\"lazy\" src=\"https:\/\/adopcianadialku.sk\/childrensdonation\/wp-content\/uploads\/2022\/05\/KUB_Mzda-1.png\" alt=\"\" class=\"wp-image-9147\" width=\"100\" height=\"100\" srcset=\"https:\/\/adopcianadialku.sk\/childrensdonation\/wp-content\/uploads\/2022\/05\/KUB_Mzda-1.png 500w, https:\/\/adopcianadialku.sk\/childrensdonation\/wp-content\/uploads\/2022\/05\/KUB_Mzda-1-400x400.png 400w, https:\/\/adopcianadialku.sk\/childrensdonation\/wp-content\/uploads\/2022\/05\/KUB_Mzda-1-150x150.png 150w\" sizes=\"(max-width: 100px) 100vw, 100px\" \/><\/figure><\/div>\n\n\n\n<p class=\"has-text-align-center\"><strong>Minimum wage in Kuba is about 77\u20ac<\/strong><\/p>\n<\/div>\n\n\n\n<div class=\"wp-block-column\">\n<div class=\"wp-block-image\"><figure class=\"aligncenter size-full is-resized\"><img loading=\"lazy\" src=\"https:\/\/adopcianadialku.sk\/childrensdonation\/wp-content\/uploads\/2022\/05\/KUB_Ceny-1.png\" alt=\"\" class=\"wp-image-9148\" width=\"100\" height=\"100\" srcset=\"https:\/\/adopcianadialku.sk\/childrensdonation\/wp-content\/uploads\/2022\/05\/KUB_Ceny-1.png 500w, https:\/\/adopcianadialku.sk\/childrensdonation\/wp-content\/uploads\/2022\/05\/KUB_Ceny-1-400x400.png 400w, https:\/\/adopcianadialku.sk\/childrensdonation\/wp-content\/uploads\/2022\/05\/KUB_Ceny-1-150x150.png 150w\" sizes=\"(max-width: 100px) 100vw, 100px\" \/><\/figure><\/div>\n\n\n\n<p class=\"has-text-align-center\"><strong>Food prices are very high. One kilogram of rice costs about 3,7\u20ac<\/strong><\/p>\n<\/div>\n<\/div>\n\n\n<p>Poverty in Cuba has not disappeared and life here is very difficult. Continued communism affects much of the economy and the US embargo imposed makes the situation even worse.<\/p>\n<p>The diet of the poorest part of the population of Cuba is very simple. It often includes only black beans with rice. Officially, school and health care is free for everyone, but a lot of tied fees are required.<\/p>\n<p>We thank all donors from the heart for helping Cuban children develop their potential and capabilities.<\/p>\n\n\n<div style=\"height:60px\" aria-hidden=\"true\" class=\"wp-block-spacer\"><\/div>\n\n\n<h5><span style=\"color: #469a64;\">Your donations secure<\/span><\/h5>\n\n\n<div class=\"wp-block-columns\">\n<div class=\"wp-block-column\">\n<div class=\"wp-block-image\"><figure class=\"aligncenter size-full is-resized\"><img loading=\"lazy\" src=\"https:\/\/adopcianadialku.sk\/childrensdonation\/wp-content\/uploads\/2022\/05\/KUB_skolsky-matrial-1.png\" alt=\"\" class=\"wp-image-9150\" width=\"250\" height=\"250\" srcset=\"https:\/\/adopcianadialku.sk\/childrensdonation\/wp-content\/uploads\/2022\/05\/KUB_skolsky-matrial-1.png 750w, https:\/\/adopcianadialku.sk\/childrensdonation\/wp-content\/uploads\/2022\/05\/KUB_skolsky-matrial-1-400x400.png 400w, https:\/\/adopcianadialku.sk\/childrensdonation\/wp-content\/uploads\/2022\/05\/KUB_skolsky-matrial-1-150x150.png 150w, https:\/\/adopcianadialku.sk\/childrensdonation\/wp-content\/uploads\/2022\/05\/KUB_skolsky-matrial-1-600x600.png 600w\" sizes=\"(max-width: 250px) 100vw, 250px\" \/><\/figure><\/div>\n\n\n\n<p class=\"has-text-align-center\"><strong>Study materials<\/strong><\/p>\n<\/div>\n\n\n\n<div class=\"wp-block-column\">\n<div class=\"wp-block-image\"><figure class=\"aligncenter size-full is-resized\"><img loading=\"lazy\" src=\"https:\/\/adopcianadialku.sk\/childrensdonation\/wp-content\/uploads\/2022\/05\/KUB_jedlo-1.png\" alt=\"\" class=\"wp-image-9151\" width=\"250\" height=\"250\" srcset=\"https:\/\/adopcianadialku.sk\/childrensdonation\/wp-content\/uploads\/2022\/05\/KUB_jedlo-1.png 750w, https:\/\/adopcianadialku.sk\/childrensdonation\/wp-content\/uploads\/2022\/05\/KUB_jedlo-1-400x400.png 400w, https:\/\/adopcianadialku.sk\/childrensdonation\/wp-content\/uploads\/2022\/05\/KUB_jedlo-1-150x150.png 150w, https:\/\/adopcianadialku.sk\/childrensdonation\/wp-content\/uploads\/2022\/05\/KUB_jedlo-1-600x600.png 600w\" sizes=\"(max-width: 250px) 100vw, 250px\" \/><\/figure><\/div>\n\n\n\n<p class=\"has-text-align-center\"><strong>Food and water<\/strong><\/p>\n<\/div>\n\n\n\n<div class=\"wp-block-column\">\n<div class=\"wp-block-image\"><figure class=\"aligncenter size-full is-resized\"><img loading=\"lazy\" src=\"https:\/\/adopcianadialku.sk\/childrensdonation\/wp-content\/uploads\/2022\/05\/KUB_zdravotna-starostlivost-1.png\" alt=\"\" class=\"wp-image-9152\" width=\"250\" height=\"250\" srcset=\"https:\/\/adopcianadialku.sk\/childrensdonation\/wp-content\/uploads\/2022\/05\/KUB_zdravotna-starostlivost-1.png 750w, https:\/\/adopcianadialku.sk\/childrensdonation\/wp-content\/uploads\/2022\/05\/KUB_zdravotna-starostlivost-1-400x400.png 400w, https:\/\/adopcianadialku.sk\/childrensdonation\/wp-content\/uploads\/2022\/05\/KUB_zdravotna-starostlivost-1-150x150.png 150w, https:\/\/adopcianadialku.sk\/childrensdonation\/wp-content\/uploads\/2022\/05\/KUB_zdravotna-starostlivost-1-600x600.png 600w\" sizes=\"(max-width: 250px) 100vw, 250px\" \/><\/figure><\/div>\n\n\n\n<p class=\"has-text-align-center\"><strong>Heatlthcare<\/strong><\/p>\n<\/div>\n<\/div>\n\n\n\n<div class=\"wp-block-columns\">\n<div class=\"wp-block-column\">\n<div class=\"wp-block-image\"><figure class=\"aligncenter size-full is-resized\"><img loading=\"lazy\" src=\"https:\/\/adopcianadialku.sk\/childrensdonation\/wp-content\/uploads\/2022\/05\/KUB_Oblecenie-1.png\" alt=\"\" class=\"wp-image-9153\" width=\"250\" height=\"250\" srcset=\"https:\/\/adopcianadialku.sk\/childrensdonation\/wp-content\/uploads\/2022\/05\/KUB_Oblecenie-1.png 750w, https:\/\/adopcianadialku.sk\/childrensdonation\/wp-content\/uploads\/2022\/05\/KUB_Oblecenie-1-400x400.png 400w, https:\/\/adopcianadialku.sk\/childrensdonation\/wp-content\/uploads\/2022\/05\/KUB_Oblecenie-1-150x150.png 150w, https:\/\/adopcianadialku.sk\/childrensdonation\/wp-content\/uploads\/2022\/05\/KUB_Oblecenie-1-600x600.png 600w\" sizes=\"(max-width: 250px) 100vw, 250px\" \/><\/figure><\/div>\n\n\n\n<p class=\"has-text-align-center\"><strong>Clothes<\/strong><\/p>\n<\/div>\n\n\n\n<div class=\"wp-block-column\">\n<div class=\"wp-block-image\"><figure class=\"aligncenter size-full is-resized\"><img loading=\"lazy\" src=\"https:\/\/adopcianadialku.sk\/childrensdonation\/wp-content\/uploads\/2022\/05\/KUB_vzdelavanie-1.png\" alt=\"\" class=\"wp-image-9154\" width=\"250\" height=\"250\" srcset=\"https:\/\/adopcianadialku.sk\/childrensdonation\/wp-content\/uploads\/2022\/05\/KUB_vzdelavanie-1.png 750w, https:\/\/adopcianadialku.sk\/childrensdonation\/wp-content\/uploads\/2022\/05\/KUB_vzdelavanie-1-400x400.png 400w, https:\/\/adopcianadialku.sk\/childrensdonation\/wp-content\/uploads\/2022\/05\/KUB_vzdelavanie-1-150x150.png 150w, https:\/\/adopcianadialku.sk\/childrensdonation\/wp-content\/uploads\/2022\/05\/KUB_vzdelavanie-1-600x600.png 600w\" sizes=\"(max-width: 250px) 100vw, 250px\" \/><\/figure><\/div>\n\n\n\n<p class=\"has-text-align-center\"><strong>Education<\/strong><\/p>\n<\/div>\n\n\n\n<div class=\"wp-block-column\"><\/div>\n<\/div>\n\n\n\n<div style=\"height:60px\" aria-hidden=\"true\" class=\"wp-block-spacer\"><\/div>\n\n\n<h5><span style=\"color: #469a64;\">Whom do we help<\/span><\/h5>\n<p>Your support is sent <strong>directly<\/strong> to poor <strong>children <\/strong>of preschool and school age. The children are supported either in schools or in particular dioceses.<\/p>\n\n\n<style scoped=\"\">@media(min-width:600px){.obal{display:flex;}.text{padding:0px 30px;}}@media(max-width:600px){.text{padding: 30px 30px 30px 0px;}}<\/style>\n<div class=\"obal\" style=\"background: #cccccc; width: 100%; padding: 30px; min-height: 266px; margin: 30px 0px;\">\n<div class=\"obal_fotky\" style=\"width: 100%; height: 100%;\"><img class=\"fotka\" style=\"border: 4px solid #ffffff; border-radius: 100px; width: 200px; height: 200px;\" src=\"https:\/\/adopcianadialku.sk\/childrensdonation\/wp-content\/uploads\/2022\/05\/Koordinator.jpg\"><\/div>\n<div class=\"text\">\n<div class=\"medzera\">&nbsp;<\/div>\n<div class=\"nadpis\" style=\"font-weight: bold; font-size: 110%;\">father Luk\u00e1\u0161 Mizer\u00e1k, coordinator<\/div>\n<div class=\"hlavnytext\">My name is Luk\u00e1\u0161 Mizer\u00e1k, I am a Verbist missionary from the Society of the Word of God in Cuba, where I have been working since November 2011 in the parishes of Cayo Mamb\u00ed. The parish belongs to 12 villages and there was no church in either of them until recently. This situation was changed by a visit by St. Francis&#8216; father when the government gave us permission to build the first church directly in Cayo Majbia. Now we have little to do to complete it. Thanks to many donors from Slovakia, the church will soon be ready<br>\nMy work here is to preach the gospel and help young people and children. We meet under trees or in the gardens of Catholic families. It is important not only to serve Mass but also to visit people and listen to them.<br>\nThe conditions for life here are very difficult. Even needs such as soap or toothpaste are not available to everyone. That is why we thank you from the heart for supporting the Children&#8217;s Donation Project, which means huge help for children. \n<\/div>\n<\/div>\n<\/div>\n\n\n<h5><span style=\"color: #469a64;\"><strong>Children participating in the project come from these provinces:<\/strong><\/span><\/h5>\n\n\n<div style=\"height:30px\" aria-hidden=\"true\" class=\"wp-block-spacer\"><\/div>\n\n\n<div class=\"map_wrapper\" id=\"map_wrapper_9160\">\n<div class=\"map_box\" style=\"max-width:2200px\">\n<div class=\"map_aspect_ratio\" style=\"padding-top:56%\">\n<div class=\"map_container\">\n<div class=\"map_render map_loading\" id=\"map_9160\"><\/div>\n<\/div>\n<\/div>\n<\/div>\n<\/div>\n\n\n\n<div style=\"height:30px\" aria-hidden=\"true\" class=\"wp-block-spacer\"><\/div>\n\n\n<span class='mb-center maxbutton-7-center'><span class='maxbutton-7-container mb-container'><a class=\"maxbutton-7 maxbutton maxbutton-cuba\" href=\"https:\/\/adopcianadialku.sk\/childrensdonation\/join-project\/\"><span class='mb-text'>JOIN PROJECT<\/span><\/a><\/span><\/span>\n\n\n<div style=\"height:50px\" aria-hidden=\"true\" class=\"wp-block-spacer\"><\/div>\n\n\n<h5 style=\"text-align: center;\"><strong>We thank the Conference of Bishops of Slovakia (KBS) for their significant financial support, spiritual encouragement and prayers during the implementation of the Children&#8217;s Donation Project in Cuba.<\/strong><\/h5>\n\n\n<div style=\"height:50px\" aria-hidden=\"true\" class=\"wp-block-spacer\"><\/div>\n\n\n<h5><span style=\"color: #469a64;\">Gallery<\/span><\/h5>\n\n<div id=\"Block_wpape_gallery_69ecf2886e894\" style=\"width:100%;padding-left:5px;padding-top:5px;padding-right:5px;padding-bottom:5px; display: none;\"><div id=\"wpape_gallery_69ecf2886e894\" data-options=\"wpape_gallery_69ecf2886e894\" style=\"width:100%;\" class=\"wpape_gallery\"><div class=\"wpape-img category9165\" ><div class=\"wpape-img-image  wpape-lightbox\"  ><div data-thumbnail=\"https:\/\/adopcianadialku.sk\/childrensdonation\/wp-content\/uploads\/2022\/05\/1Kuba-na-vysku_dievcata-v-skolskych-rovnosatach-13-768x1024.jpg\" title=\"Betzabet and Beatriz are best friends\" data-width=\"768\" data-height=\"1024\" ><\/div><div data-popup=\"https:\/\/adopcianadialku.sk\/childrensdonation\/wp-content\/uploads\/2022\/05\/1Kuba-na-vysku_dievcata-v-skolskych-rovnosatach-13-scaled.jpg\"  title=\"Betzabet and Beatriz are best friends\"><\/div><div class=\"thumbnail-overlay\"><div class=\"wpapeTitle \">Betzabet and Beatriz are best friends<\/div><\/div><\/div><\/div><div class=\"wpape-img category9165\" ><div class=\"wpape-img-image  wpape-lightbox\"  ><div data-thumbnail=\"https:\/\/adopcianadialku.sk\/childrensdonation\/wp-content\/uploads\/2022\/05\/1Kuba-radost-z-novych-detskych-draciek-768x1024.jpg\" title=\"The joy of new toys\" data-width=\"768\" data-height=\"1024\" ><\/div><div data-popup=\"https:\/\/adopcianadialku.sk\/childrensdonation\/wp-content\/uploads\/2022\/05\/1Kuba-radost-z-novych-detskych-draciek-scaled.jpg\"  title=\"The joy of new toys\"><\/div><div class=\"thumbnail-overlay\"><div class=\"wpapeTitle \">The joy of new toys<\/div><\/div><\/div><\/div><div class=\"wpape-img category9165\" ><div class=\"wpape-img-image  wpape-lightbox\"  ><div data-thumbnail=\"https:\/\/adopcianadialku.sk\/childrensdonation\/wp-content\/uploads\/2022\/05\/1Kuba-pater-Lukas-na-navsteve-deti-vo-farnosti-768x1024.jpg\" title=\"Father Luk\u00e1\u0161 visiting children from his parish\" data-width=\"768\" data-height=\"1024\" ><\/div><div data-popup=\"https:\/\/adopcianadialku.sk\/childrensdonation\/wp-content\/uploads\/2022\/05\/1Kuba-pater-Lukas-na-navsteve-deti-vo-farnosti-scaled.jpg\"  title=\"Father Luk\u00e1\u0161 visiting children from his parish\"><\/div><div class=\"thumbnail-overlay\"><div class=\"wpapeTitle \">Father Luk\u00e1\u0161 visiting children from his parish<\/div><\/div><\/div><\/div><div class=\"wpape-img category9165\" ><div class=\"wpape-img-image  wpape-lightbox\"  ><div data-thumbnail=\"https:\/\/adopcianadialku.sk\/childrensdonation\/wp-content\/uploads\/2022\/05\/Kuba-chatky-v-ktorych-byvaju-deti-su-velmi-jednoduche-12-768x576.jpg\" title=\"The cottages where children live are in a poor conditions\" data-width=\"768\" data-height=\"576\" ><\/div><div data-popup=\"https:\/\/adopcianadialku.sk\/childrensdonation\/wp-content\/uploads\/2022\/05\/Kuba-chatky-v-ktorych-byvaju-deti-su-velmi-jednoduche-12-scaled.jpg\"  title=\"The cottages where children live are in a poor conditions\"><\/div><div class=\"thumbnail-overlay\"><div class=\"wpapeTitle \">The cottages where children live are in a poor conditions<\/div><\/div><\/div><\/div><div class=\"wpape-img category9165\" ><div class=\"wpape-img-image  wpape-lightbox\"  ><div data-thumbnail=\"https:\/\/adopcianadialku.sk\/childrensdonation\/wp-content\/uploads\/2022\/05\/Kuba-stretnutie-mladeze-po-omsi-11-768x576.jpg\" title=\"Youth meeting after Holly Mass\" data-width=\"768\" data-height=\"576\" ><\/div><div data-popup=\"https:\/\/adopcianadialku.sk\/childrensdonation\/wp-content\/uploads\/2022\/05\/Kuba-stretnutie-mladeze-po-omsi-11-scaled.jpg\"  title=\"Youth meeting after Holly Mass\"><\/div><div class=\"thumbnail-overlay\"><div class=\"wpapeTitle \">Youth meeting after Holly Mass<\/div><\/div><\/div><\/div><div class=\"wpape-img category9165\" ><div class=\"wpape-img-image  wpape-lightbox\"  ><div data-thumbnail=\"https:\/\/adopcianadialku.sk\/childrensdonation\/wp-content\/uploads\/2022\/05\/Kuba-zabava-pri-maskrtach-768x576.jpg\" title=\"Fun with sweets\" data-width=\"768\" data-height=\"576\" ><\/div><div data-popup=\"https:\/\/adopcianadialku.sk\/childrensdonation\/wp-content\/uploads\/2022\/05\/Kuba-zabava-pri-maskrtach-scaled.jpg\"  title=\"Fun with sweets\"><\/div><div class=\"thumbnail-overlay\"><div class=\"wpapeTitle \">Fun with sweets<\/div><\/div><\/div><\/div><div class=\"wpape-img category9165\" ><div class=\"wpape-img-image  wpape-lightbox\"  ><div data-thumbnail=\"https:\/\/adopcianadialku.sk\/childrensdonation\/wp-content\/uploads\/2022\/05\/Kuba-oslava-Vianoc-v-kruhu-spolocenstva-14-768x576.jpg\" title=\"The community is celebrating Christmas together\" data-width=\"768\" data-height=\"576\" ><\/div><div data-popup=\"https:\/\/adopcianadialku.sk\/childrensdonation\/wp-content\/uploads\/2022\/05\/Kuba-oslava-Vianoc-v-kruhu-spolocenstva-14-scaled.jpg\"  title=\"The community is celebrating Christmas together\"><\/div><div class=\"thumbnail-overlay\"><div class=\"wpapeTitle \">The community is celebrating Christmas together<\/div><\/div><\/div><\/div><div class=\"wpape-img category9165\" ><div class=\"wpape-img-image  wpape-lightbox\"  ><div data-thumbnail=\"https:\/\/adopcianadialku.sk\/childrensdonation\/wp-content\/uploads\/2022\/05\/Kuba-dievcatko-s-Jezuliatkom-15-768x576.jpg\" title=\"Little girl with baby Jesus\" data-width=\"768\" data-height=\"576\" ><\/div><div data-popup=\"https:\/\/adopcianadialku.sk\/childrensdonation\/wp-content\/uploads\/2022\/05\/Kuba-dievcatko-s-Jezuliatkom-15.jpg\"  title=\"Little girl with baby Jesus\"><\/div><div class=\"thumbnail-overlay\"><div class=\"wpapeTitle \">Little girl with baby Jesus<\/div><\/div><\/div><\/div><div class=\"wpape-img category9165\" ><div class=\"wpape-img-image  wpape-lightbox\"  ><div data-thumbnail=\"https:\/\/adopcianadialku.sk\/childrensdonation\/wp-content\/uploads\/2022\/05\/Kuba-radost-z-prveho-svateho-prijimania-13-768x576.jpg\" title=\"Girls after their first Holy Communion\" data-width=\"768\" data-height=\"576\" ><\/div><div data-popup=\"https:\/\/adopcianadialku.sk\/childrensdonation\/wp-content\/uploads\/2022\/05\/Kuba-radost-z-prveho-svateho-prijimania-13.jpg\"  title=\"Girls after their first Holy Communion\"><\/div><div class=\"thumbnail-overlay\"><div class=\"wpapeTitle \">Girls after their first Holy Communion<\/div><\/div><\/div><\/div><div class=\"wpape-img category9165\" ><div class=\"wpape-img-image  wpape-lightbox\"  ><div data-thumbnail=\"https:\/\/adopcianadialku.sk\/childrensdonation\/wp-content\/uploads\/2022\/05\/Kuba-Deti-su-zvedave-na-vianocne-darceky-8-768x432.jpeg\" title=\"Excitement about Christmas presents\" data-width=\"768\" data-height=\"432\" ><\/div><div data-popup=\"https:\/\/adopcianadialku.sk\/childrensdonation\/wp-content\/uploads\/2022\/05\/Kuba-Deti-su-zvedave-na-vianocne-darceky-8.jpeg\"  title=\"Excitement about Christmas presents\"><\/div><div class=\"thumbnail-overlay\"><div class=\"wpapeTitle \">Excitement about Christmas presents<\/div><\/div><\/div><\/div><div class=\"wpape-img category9165\" ><div class=\"wpape-img-image  wpape-lightbox\"  ><div data-thumbnail=\"https:\/\/adopcianadialku.sk\/childrensdonation\/wp-content\/uploads\/2022\/05\/Kuba-Cela-komunita-dakuje-za-pomoc-darcov-10-768x432.jpg\" title=\"The whole community is thankful for the help provided by Slovak donors\" data-width=\"768\" data-height=\"432\" ><\/div><div data-popup=\"https:\/\/adopcianadialku.sk\/childrensdonation\/wp-content\/uploads\/2022\/05\/Kuba-Cela-komunita-dakuje-za-pomoc-darcov-10-scaled.jpg\"  title=\"The whole community is thankful for the help provided by Slovak donors\"><\/div><div class=\"thumbnail-overlay\"><div class=\"wpapeTitle \">The whole community is thankful for the help provided by Slovak donors<\/div><\/div><\/div><\/div><div class=\"wpape-img category9165\" ><div class=\"wpape-img-image  wpape-lightbox\"  ><div data-thumbnail=\"https:\/\/adopcianadialku.sk\/childrensdonation\/wp-content\/uploads\/2022\/05\/Kuba-Deti-hraju-biblicky-pribeh--e1652447233983-768x428.jpg\" title=\"Children performing biblical story\" data-width=\"768\" data-height=\"428\" ><\/div><div data-popup=\"https:\/\/adopcianadialku.sk\/childrensdonation\/wp-content\/uploads\/2022\/05\/Kuba-Deti-hraju-biblicky-pribeh--e1652447233983.jpg\"  title=\"Children performing biblical story\"><\/div><div class=\"thumbnail-overlay\"><div class=\"wpapeTitle \">Children performing biblical story<\/div><\/div><\/div><\/div><\/div><\/div><script>var wpape_gallery_69ecf2886e894 = {\"filterContainer\": \"#wpape_gallery_69ecf2886e894filter\", \"touch\": 1, \"columns\": 3, \"columnWidth\": \"auto\", \"resolutions\": [ ,  , ], \"overlayEffect\": \"direction-aware-fade\", \"boxesToLoadStart\": \"9\", \"boxesToLoad\": \"6\", \"lazyLoad\": true, \"LoadingWord\": \"Gallery images loading\", \"loadMoreWord\": \"More images\", \"noMoreEntriesWord\": \"No images\", \"loadMoreClass\": \" apebtn apebtn-flat apebtn-primary \", \"horizontalSpaceBetweenBoxes\": 10, \"verticalSpaceBetweenBoxes\": 10}, wpape_gallery_69ecf2886e894_css = \"body .mfp-ready.mfp-bg{background-color: rgba(11,11,11,0.8);}.mfp-container .mfp-arrow{display:none;}#wpape_gallery_69ecf2886e894 .wpape-img-container{ -webkit-border-radius: 5px;-moz-border-radius: 5px;border-radius: 5px;}#wpape_gallery_69ecf2886e894 .wpapeTitle{ font-size:25px; line-height:88%; color:#ffffff; font-weight:bold;}#wpape_gallery_69ecf2886e894 .wpapeTitle:hover{color:#ffffff;}#wpape_gallery_69ecf2886e894 .thumbnail-overlay{background:rgba(7,7,7,0.5);}#wpape_gallery_69ecf2886e894 .image-with-dimensions{background-color: rgba(255,255,255,1);}body .mfp-title, body .mfp-counter{color: rgb(243,243,243);}\",apeGalleryDelay = 0; head = document.head || document.getElementsByTagName(\"head\")[0], style = document.createElement(\"style\"); style.type = \"text\/css\"; if (style.styleSheet) style.styleSheet.cssText = wpape_gallery_69ecf2886e894_css; \telse  style.appendChild(document.createTextNode(wpape_gallery_69ecf2886e894_css)); head.appendChild(style);<\/script>\n\n<span class='mb-center maxbutton-7-center'><span class='maxbutton-7-container mb-container'><a class=\"maxbutton-7 maxbutton maxbutton-cuba\" href=\"https:\/\/adopcianadialku.sk\/childrensdonation\/join-project\/\"><span class='mb-text'>JOIN PROJECT<\/span><\/a><\/span><\/span>","protected":false},"excerpt":{"rendered":"<p>Our efforts to help children in Cuba are complicated, for example, by [&hellip;]<\/p>\n","protected":false},"author":2,"featured_media":9181,"parent":0,"menu_order":0,"comment_status":"closed","ping_status":"closed","template":"","meta":{"_monsterinsights_skip_tracking":false,"_monsterinsights_sitenote_active":false,"_monsterinsights_sitenote_note":"","_monsterinsights_sitenote_category":0},"featured_image_src":"https:\/\/adopcianadialku.sk\/childrensdonation\/wp-content\/uploads\/2022\/05\/Titulna-Kuba-2-ENG-600x400.jpg","featured_image_src_square":"https:\/\/adopcianadialku.sk\/childrensdonation\/wp-content\/uploads\/2022\/05\/Titulna-Kuba-2-ENG-600x600.jpg","_links":{"self":[{"href":"https:\/\/adopcianadialku.sk\/childrensdonation\/wp-json\/wp\/v2\/pages\/9133"}],"collection":[{"href":"https:\/\/adopcianadialku.sk\/childrensdonation\/wp-json\/wp\/v2\/pages"}],"about":[{"href":"https:\/\/adopcianadialku.sk\/childrensdonation\/wp-json\/wp\/v2\/types\/page"}],"author":[{"embeddable":true,"href":"https:\/\/adopcianadialku.sk\/childrensdonation\/wp-json\/wp\/v2\/users\/2"}],"replies":[{"embeddable":true,"href":"https:\/\/adopcianadialku.sk\/childrensdonation\/wp-json\/wp\/v2\/comments?post=9133"}],"version-history":[{"count":18,"href":"https:\/\/adopcianadialku.sk\/childrensdonation\/wp-json\/wp\/v2\/pages\/9133\/revisions"}],"predecessor-version":[{"id":9871,"href":"https:\/\/adopcianadialku.sk\/childrensdonation\/wp-json\/wp\/v2\/pages\/9133\/revisions\/9871"}],"wp:featuredmedia":[{"embeddable":true,"href":"https:\/\/adopcianadialku.sk\/childrensdonation\/wp-json\/wp\/v2\/media\/9181"}],"wp:attachment":[{"href":"https:\/\/adopcianadialku.sk\/childrensdonation\/wp-json\/wp\/v2\/media?parent=9133"}],"curies":[{"name":"wp","href":"https:\/\/api.w.org\/{rel}","templated":true}]}}