{"id":8430,"date":"2020-04-29T12:24:26","date_gmt":"2020-04-29T10:24:26","guid":{"rendered":"https:\/\/charita.sk\/childrensdonation\/?page_id=8430"},"modified":"2026-03-16T16:34:36","modified_gmt":"2026-03-16T15:34:36","slug":"contact","status":"publish","type":"page","link":"https:\/\/adopcianadialku.sk\/childrensdonation\/contact\/","title":{"rendered":"Contact"},"content":{"rendered":"\n<p class=\"has-text-align-center\">Greetings from the Children&#8217;s Donation Project. Our team is composed of assistants, coordinators, managers, and volunteers, to whom we offer our thanks. Together we are more than 20 people convinced about the importance of this project. You can find the necessary contacts below, don&#8217;t hesitate to ask us anything. We are here for you on weekdays from 9:00 to 16:00. Thank you for your goodwill.<\/p>\n\n\n\n<div class=\"wp-block-columns\">\n<div class=\"wp-block-column\">\n<figure class=\"wp-block-image size-full\"><img loading=\"lazy\" width=\"400\" height=\"299\" src=\"https:\/\/adopcianadialku.sk\/childrensdonation\/wp-content\/uploads\/2022\/05\/Kuba_kantakty_ucty_eng.png\" alt=\"\" class=\"wp-image-9188\"\/><\/figure>\n\n\n\n<p class=\"has-text-align-center\">Coordinator &#8211; Cuba<\/p>\n\n\n\n<p class=\"has-text-align-center\"><strong><strong>Vikt\u00f3ria Z\u00e1chensk\u00e1<\/strong><\/strong><br><a href=\"mailto:adopcianadialku.kuba@charita.sk\">adopcianadialku.kuba@charita.sk<\/a><br>+421 909 250 631<\/p>\n<\/div>\n\n\n\n<div class=\"wp-block-column\">\n<figure class=\"wp-block-image size-full\"><img loading=\"lazy\" width=\"400\" height=\"300\" src=\"https:\/\/adopcianadialku.sk\/childrensdonation\/wp-content\/uploads\/2020\/11\/Ucty_India-1.jpg\" alt=\"\" class=\"wp-image-8786\"\/><\/figure>\n\n\n\n<p class=\"has-text-align-center\">Coordinator &#8211; India<\/p>\n\n\n\n<p class=\"has-text-align-center\"><strong>Stanislava Holl\u00e1<\/strong><br><a href=\"mailto:adopcianadialku.india@charita.sk\">adopcianadialku.india@charita.sk<\/a><br>+421 910 852 045<\/p>\n<\/div>\n\n\n\n<div class=\"wp-block-column\">\n<figure class=\"wp-block-image size-full\"><img loading=\"lazy\" width=\"400\" height=\"300\" src=\"https:\/\/adopcianadialku.sk\/childrensdonation\/wp-content\/uploads\/2020\/11\/Ucty_Ukrajina_ENG.jpg\" alt=\"\" class=\"wp-image-8782\"\/><\/figure>\n\n\n\n<p class=\"has-text-align-center\">Coordinator &#8211; Ukraine<\/p>\n\n\n\n<p class=\"has-text-align-center\"><strong>Paul\u00edna \u010ci\u010dov\u00e1<\/strong><br><a href=\"mailto:adopcianadialku.ukrajina@charita.sk\">adopcianadialku.ukrajina@charita.sk<\/a><br>+421 910 842 669<\/p>\n<\/div>\n<\/div>\n\n\n\n<div class=\"wp-block-atomic-blocks-ab-columns ab-layout-columns-3 ab-3-col-equal\"><div class=\"ab-layout-column-wrap ab-block-layout-column-gap-2 ab-is-responsive-column\">\n<div class=\"wp-block-atomic-blocks-ab-column ab-block-layout-column\"><div class=\"ab-block-layout-column-inner\">\n<figure class=\"wp-block-image\"><img src=\"https:\/\/adopcianadialku.sk\/wp-content\/uploads\/2020\/04\/\u00da\u010dty_Uganda.jpg\" alt=\"\" class=\"wp-image-10524\"\/><\/figure>\n\n\n\n<p class=\"has-text-align-center\">Coordinator &#8211; Uganda<\/p>\n\n\n\n<p class=\"has-text-align-center\"><strong><strong><strong><strong><strong>Ivana Mokr\u00e1<\/strong><br><\/strong><\/strong><\/strong><\/strong><a href=\"mailto:adopcianadialku.uganda@charita.sk\">adopcianadialku.uganda@charita.sk<\/a><br>+421 901 720 059<\/p>\n<\/div><\/div>\n\n\n\n<div class=\"wp-block-atomic-blocks-ab-column ab-block-layout-column\"><div class=\"ab-block-layout-column-inner\">\n<figure class=\"wp-block-image size-large is-resized\"><img loading=\"lazy\" src=\"https:\/\/adopcianadialku.sk\/childrensdonation\/wp-content\/uploads\/2022\/05\/Honduras_kontakty_c._uctu.png\" alt=\"\" class=\"wp-image-9122\" width=\"400\" height=\"299\"\/><\/figure>\n\n\n\n<p class=\"has-text-align-center\">Coordinator &#8211; Honduras<\/p>\n\n\n\n<p class=\"has-text-align-center\"><strong>Eva Mihal\u00edkov\u00e1<\/strong><br><a href=\"mailto:adopcianadialku.ukrajina@charita.sk\">adopcianadialku.honduras@charita.sk<\/a><br> +421 909 250 712<\/p>\n<\/div><\/div>\n\n\n\n<div class=\"wp-block-atomic-blocks-ab-column ab-block-layout-column\"><div class=\"ab-block-layout-column-inner\">\n<figure class=\"wp-block-image size-large\"><img loading=\"lazy\" width=\"400\" height=\"300\" src=\"https:\/\/adopcianadialku.sk\/childrensdonation\/wp-content\/uploads\/2020\/11\/Ucty_Vietnam.jpg\" alt=\"\" class=\"wp-image-8784\"\/><\/figure>\n\n\n\n<p class=\"has-text-align-center\">Coordinator \u2013 Vietnam<\/p>\n\n\n\n<p class=\"has-text-align-center\"><strong><strong>Vikt\u00f3ria Z\u00e1chensk\u00e1<\/strong> <\/strong><a href=\"mailto:adopcianadialku.vietnam@charita.sk\">adopcianadialku.vietnam@charita.sk<\/a><br>+421 901 909 108<\/p>\n<\/div><\/div>\n<\/div><\/div>\n\n\n\n<div class=\"wp-block-atomic-blocks-ab-columns ab-layout-columns-3 ab-3-col-equal\"><div class=\"ab-layout-column-wrap ab-block-layout-column-gap-2 ab-is-responsive-column\">\n<div class=\"wp-block-atomic-blocks-ab-column ab-block-layout-column\"><div class=\"ab-block-layout-column-inner\">\n<figure class=\"wp-block-image size-full\"><img loading=\"lazy\" width=\"400\" height=\"300\" src=\"https:\/\/adopcianadialku.sk\/childrensdonation\/wp-content\/uploads\/2024\/03\/tanzania_kontakt_ucty_ENG.png\" alt=\"\" class=\"wp-image-9535\"\/><\/figure>\n\n\n\n<p class=\"has-text-align-center\">Coordinator &#8211; Tanzania<\/p>\n\n\n\n<p class=\"has-text-align-center\"><strong><strong><strong>Nat\u00e1lia Pra\u010dkov\u00e1<\/strong><\/strong><br><\/strong><a href=\"mailto:adopcianadialku.tanzania@charita.sk\">adopcianadialku.tanzania@charita.sk<\/a><br>+421 901 909 107<\/p>\n<\/div><\/div>\n\n\n\n<div class=\"wp-block-atomic-blocks-ab-column ab-block-layout-column\"><div class=\"ab-block-layout-column-inner\"><\/div><\/div>\n\n\n\n<div class=\"wp-block-atomic-blocks-ab-column ab-block-layout-column\"><div class=\"ab-block-layout-column-inner\"><\/div><\/div>\n<\/div><\/div>\n\n\n\n<div style=\"height:50px\" aria-hidden=\"true\" class=\"wp-block-spacer\"><\/div>\n\n\n\n<div style=\"height:50px\" aria-hidden=\"true\" class=\"wp-block-spacer\"><\/div>\n\n\n\n<div class=\"wp-block-atomic-blocks-ab-columns ab-layout-columns-3 ab-3-col-equal\"><div class=\"ab-layout-column-wrap ab-block-layout-column-gap-2 ab-is-responsive-column\">\n<div class=\"wp-block-atomic-blocks-ab-column ab-block-layout-column ab-is-vertically-aligned-bottom\"><div class=\"ab-block-layout-column-inner\">\n<div class=\"wp-block-image\"><figure class=\"aligncenter size-large is-resized\"><img loading=\"lazy\" src=\"https:\/\/adopcianadialku.sk\/wp-content\/uploads\/2021\/02\/Kontakty_Rozvoj.png\" alt=\"\" class=\"wp-image-12800\" width=\"125\" height=\"125\"\/><\/figure><\/div>\n\n\n\n<p class=\"has-text-align-center\">Project development manager<\/p>\n\n\n\n<p class=\"has-text-align-center\"><strong><strong>Miroslava Knap\u00edkov\u00e1<\/strong><\/strong><br><a href=\"knapikova@charita.sk\">knapikova@charita.sk<\/a><\/p>\n<\/div><\/div>\n\n\n\n<div class=\"wp-block-atomic-blocks-ab-column ab-block-layout-column\"><div class=\"ab-block-layout-column-inner\">\n<div class=\"wp-block-image\"><figure class=\"aligncenter size-large is-resized\"><img loading=\"lazy\" src=\"https:\/\/adopcianadialku.sk\/wp-content\/uploads\/2021\/02\/Kontakty_Rozvoj_v\u00fdkon.png\" alt=\"\" class=\"wp-image-12801\" width=\"125\" height=\"125\"\/><\/figure><\/div>\n\n\n\n<p class=\"has-text-align-center\">Executive manager<\/p>\n\n\n\n<p class=\"has-text-align-center\"><strong>Roman Korti\u0161<\/strong><br><a href=\"kortis@charita.sk\">kortis@charita.sk<\/a><\/p>\n<\/div><\/div>\n\n\n\n<div class=\"wp-block-atomic-blocks-ab-column ab-block-layout-column\"><div class=\"ab-block-layout-column-inner\">\n<div class=\"wp-block-image\"><figure class=\"aligncenter size-full\"><img loading=\"lazy\" width=\"125\" height=\"125\" src=\"https:\/\/adopcianadialku.sk\/childrensdonation\/wp-content\/uploads\/2024\/05\/strategicke-planovanie.png\" alt=\"\" class=\"wp-image-9649\"\/><\/figure><\/div>\n\n\n\n<p class=\"has-text-align-center\">Strategic planning manager<\/p>\n\n\n\n<p class=\"has-text-align-center\"><strong>Martina Bor\u010d\u00edkov\u00e1<\/strong><br><a href=\"mailto:borcikova@charita.sk\">borcikova@charita.sk<\/a><\/p>\n<\/div><\/div>\n<\/div><\/div>\n\n\n\n<div style=\"height:50px\" aria-hidden=\"true\" class=\"wp-block-spacer\"><\/div>\n\n\n\n<div class=\"wp-block-atomic-blocks-ab-columns ab-layout-columns-3 ab-3-col-widecenter\"><div class=\"ab-layout-column-wrap ab-block-layout-column-gap-2 ab-is-responsive-column\">\n<div class=\"wp-block-atomic-blocks-ab-column ab-block-layout-column\"><div class=\"ab-block-layout-column-inner\">\n<p><\/p>\n<\/div><\/div>\n\n\n\n<div class=\"wp-block-atomic-blocks-ab-column ab-block-layout-column\"><div class=\"ab-block-layout-column-inner\">\n<p class=\"has-text-align-center has-text-color has-background\" style=\"background-color:#be1e2d;color:#ffffff\"><strong>If you have any comments, suggestions or complaints, please contact the project manager<\/strong><\/p>\n\n\n\n<p class=\"has-text-align-center\">Project manager<\/p>\n\n\n\n<p class=\"has-text-align-center\"><strong>Peter Knap\u00edk<\/strong><br><a href=\"mailto:knapik@charita.sk\">knapik@charita.sk<\/a><\/p>\n<\/div><\/div>\n\n\n\n<div class=\"wp-block-atomic-blocks-ab-column ab-block-layout-column\"><div class=\"ab-block-layout-column-inner\">\n<p><\/p>\n<\/div><\/div>\n<\/div><\/div>\n\n\n\n<div style=\"height:50px\" aria-hidden=\"true\" class=\"wp-block-spacer\"><\/div>\n\n\n\n<div class=\"wp-block-atomic-blocks-ab-columns ab-layout-columns-3 ab-3-col-equal\"><div class=\"ab-layout-column-wrap ab-block-layout-column-gap-2 ab-is-responsive-column\">\n<div class=\"wp-block-atomic-blocks-ab-column ab-block-layout-column\"><div class=\"ab-block-layout-column-inner\">\n<div class=\"wp-block-image\"><figure class=\"aligncenter size-large is-resized\"><img loading=\"lazy\" src=\"https:\/\/adopcianadialku.sk\/wp-content\/uploads\/2020\/04\/\u010c\u00edsla-pevna-linka.jpg\" alt=\"\" class=\"wp-image-10547\" width=\"300\" height=\"225\"\/><\/figure><\/div>\n\n\n\n<p class=\"has-text-align-center\"><strong>Landline for the project office<\/strong><\/p>\n\n\n\n<p class=\"has-text-align-center\">02\/5443 44 97<\/p>\n<\/div><\/div>\n\n\n\n<div class=\"wp-block-atomic-blocks-ab-column ab-block-layout-column\"><div class=\"ab-block-layout-column-inner\">\n<div style=\"height:70px\" aria-hidden=\"true\" class=\"wp-block-spacer\"><\/div>\n\n\n\n<div class=\"wp-block-image\"><figure class=\"aligncenter size-large is-resized\"><img loading=\"lazy\" src=\"https:\/\/adopcianadialku.sk\/wp-content\/uploads\/2020\/04\/adresa.png\" alt=\"\" class=\"wp-image-10555\" width=\"125\" height=\"125\"\/><\/figure><\/div>\n\n\n\n<p class=\"has-text-align-center\"><strong>Postal adress<\/strong><\/p>\n\n\n\n<p class=\"has-text-align-center\">Slovensk\u00e1 katol\u00edcka charita<br>Adopcia na dia\u013eku\u00ae<br>Kapitulsk\u00e1 18<br>814 15 Bratislava<br>Slovakia<\/p>\n<\/div><\/div>\n\n\n\n<div class=\"wp-block-atomic-blocks-ab-column ab-block-layout-column\"><div class=\"ab-block-layout-column-inner\">\n<div style=\"height:70px\" aria-hidden=\"true\" class=\"wp-block-spacer\"><\/div>\n\n\n\n<div class=\"wp-block-image\"><figure class=\"aligncenter size-large is-resized\"><img loading=\"lazy\" src=\"https:\/\/adopcianadialku.sk\/wp-content\/uploads\/2020\/04\/odkaz_na_cisla_uctov.png\" alt=\"\" class=\"wp-image-10562\" width=\"150\" height=\"150\"\/><\/figure><\/div>\n\n\n\n<p class=\"has-text-align-center\"><strong>Account numbers for supported<br>countries can be found at the following link<\/strong><\/p>\n\n\n\n<div style=\"text-align:center\" class=\"wp-block-atomic-blocks-ab-button ab-block-button\"><a href=\"https:\/\/adopcianadialku.sk\/childrensdonation\/account-numbers\/\" class=\"ab-button ab-button-shape-circular ab-button-size-medium\" style=\"color:#ffffff;background-color:#cf2e2e\">Account numbers<\/a><\/div>\n\n\n\n<p><\/p>\n<\/div><\/div>\n<\/div><\/div>\n","protected":false},"excerpt":{"rendered":"<p>Greetings from the Children&#8217;s Donation Project. Our team is composed of assistants, [&hellip;]<\/p>\n","protected":false},"author":2,"featured_media":0,"parent":0,"menu_order":0,"comment_status":"closed","ping_status":"closed","template":"","meta":{"_monsterinsights_skip_tracking":false,"_monsterinsights_sitenote_active":false,"_monsterinsights_sitenote_note":"","_monsterinsights_sitenote_category":0},"featured_image_src":null,"featured_image_src_square":null,"_links":{"self":[{"href":"https:\/\/adopcianadialku.sk\/childrensdonation\/wp-json\/wp\/v2\/pages\/8430"}],"collection":[{"href":"https:\/\/adopcianadialku.sk\/childrensdonation\/wp-json\/wp\/v2\/pages"}],"about":[{"href":"https:\/\/adopcianadialku.sk\/childrensdonation\/wp-json\/wp\/v2\/types\/page"}],"author":[{"embeddable":true,"href":"https:\/\/adopcianadialku.sk\/childrensdonation\/wp-json\/wp\/v2\/users\/2"}],"replies":[{"embeddable":true,"href":"https:\/\/adopcianadialku.sk\/childrensdonation\/wp-json\/wp\/v2\/comments?post=8430"}],"version-history":[{"count":58,"href":"https:\/\/adopcianadialku.sk\/childrensdonation\/wp-json\/wp\/v2\/pages\/8430\/revisions"}],"predecessor-version":[{"id":9902,"href":"https:\/\/adopcianadialku.sk\/childrensdonation\/wp-json\/wp\/v2\/pages\/8430\/revisions\/9902"}],"wp:attachment":[{"href":"https:\/\/adopcianadialku.sk\/childrensdonation\/wp-json\/wp\/v2\/media?parent=8430"}],"curies":[{"name":"wp","href":"https:\/\/api.w.org\/{rel}","templated":true}]}}